{"id":173,"date":"2025-11-01T16:30:30","date_gmt":"2025-11-01T15:30:30","guid":{"rendered":"https:\/\/claydesolcreations.com\/?page_id=173"},"modified":"2025-11-03T09:38:54","modified_gmt":"2025-11-03T08:38:54","slug":"accueil","status":"publish","type":"page","link":"https:\/\/claydesolcreations.com\/","title":{"rendered":"Bienvenue chez Claydesolcreations"},"content":{"rendered":"\n<p class=\"has-text-align-center\">Situ\u00e9e en Seine-Maritime (76), Claydesolcreations est sp\u00e9cialis\u00e9e dans la cr\u00e9ation artisanale de boucles d\u2019oreilles uniques, fabriqu\u00e9es \u00e0 la main avec passion et minutie. Chaque pi\u00e8ce est fa\u00e7onn\u00e9e \u00e0 partir d\u2019argile polym\u00e8re de haute qualit\u00e9, permettant de donner vie \u00e0 des designs originaux et personnalisables.<\/p>\n\n\n\n<p class=\"has-text-align-center\">Notre d\u00e9marche allie cr\u00e9ativit\u00e9, authenticit\u00e9 et savoir-faire artisanal : nous transformons de simples mati\u00e8res en bijoux uniques qui refl\u00e8tent la personnalit\u00e9 et le style de chacun. Que vous recherchiez une touche discr\u00e8te pour votre quotidien ou une pi\u00e8ce audacieuse pour un \u00e9v\u00e9nement sp\u00e9cial, nos boucles d\u2019oreilles sont pens\u00e9es pour embellir chaque moment.<\/p>\n\n\n\n<p class=\"has-text-align-center\">Chez Claydesolcreations, chaque cr\u00e9ation raconte une histoire et chaque d\u00e9tail compte. D\u00e9couvrez l\u2019art de la bijouterie artisanale et laissez-vous s\u00e9duire par des pi\u00e8ces qui ne ressemblent \u00e0 aucune autre.<br><br><\/p>\n\n\n\n<hr class=\"wp-block-separator has-alpha-channel-opacity\"\/>\n\n\n\n<p><\/p>\n","protected":false},"excerpt":{"rendered":"<p>Situ\u00e9e en Seine-Maritime (76), Claydesolcreations est sp\u00e9cialis\u00e9e dans la cr\u00e9ation artisanale de boucles d\u2019oreilles uniques, fabriqu\u00e9es \u00e0 la main avec passion et minutie. Chaque pi\u00e8ce est fa\u00e7onn\u00e9e \u00e0 partir d\u2019argile polym\u00e8re de haute qualit\u00e9, permettant de donner vie \u00e0 des designs originaux et personnalisables. Notre d\u00e9marche allie cr\u00e9ativit\u00e9, authenticit\u00e9 et savoir-faire artisanal : nous transformons [&hellip;]<\/p>\n","protected":false},"author":1,"featured_media":148,"parent":0,"menu_order":0,"comment_status":"closed","ping_status":"closed","template":"","meta":{"footnotes":""},"class_list":["post-173","page","type-page","status-publish","has-post-thumbnail","hentry"],"jetpack_sharing_enabled":true,"_links":{"self":[{"href":"https:\/\/claydesolcreations.com\/index.php\/wp-json\/wp\/v2\/pages\/173","targetHints":{"allow":["GET"]}}],"collection":[{"href":"https:\/\/claydesolcreations.com\/index.php\/wp-json\/wp\/v2\/pages"}],"about":[{"href":"https:\/\/claydesolcreations.com\/index.php\/wp-json\/wp\/v2\/types\/page"}],"author":[{"embeddable":true,"href":"https:\/\/claydesolcreations.com\/index.php\/wp-json\/wp\/v2\/users\/1"}],"replies":[{"embeddable":true,"href":"https:\/\/claydesolcreations.com\/index.php\/wp-json\/wp\/v2\/comments?post=173"}],"version-history":[{"count":8,"href":"https:\/\/claydesolcreations.com\/index.php\/wp-json\/wp\/v2\/pages\/173\/revisions"}],"predecessor-version":[{"id":224,"href":"https:\/\/claydesolcreations.com\/index.php\/wp-json\/wp\/v2\/pages\/173\/revisions\/224"}],"wp:featuredmedia":[{"embeddable":true,"href":"https:\/\/claydesolcreations.com\/index.php\/wp-json\/wp\/v2\/media\/148"}],"wp:attachment":[{"href":"https:\/\/claydesolcreations.com\/index.php\/wp-json\/wp\/v2\/media?parent=173"}],"curies":[{"name":"wp","href":"https:\/\/api.w.org\/{rel}","templated":true}]}}